{"id":1009,"date":"2025-06-03T16:45:35","date_gmt":"2025-06-03T14:45:35","guid":{"rendered":"https:\/\/restaurantdragon.com\/?page_id=1009"},"modified":"2026-02-25T11:57:33","modified_gmt":"2026-02-25T10:57:33","slug":"menu","status":"publish","type":"page","link":"https:\/\/restaurantdragon.com\/en\/menu\/","title":{"rendered":"Menu"},"content":{"rendered":"","protected":false},"excerpt":{"rendered":"","protected":false},"author":1,"featured_media":0,"parent":0,"menu_order":0,"comment_status":"closed","ping_status":"closed","template":"page-templates\/menu.php","meta":{"_acf_changed":false,"inline_featured_image":false,"footnotes":""},"class_list":["post-1009","page","type-page","status-publish","hentry"],"acf":{"category":[{"menu_title":"To Share","menu_plates":[{"menu_name":"Salted edamame","menu_ingredients":"","menu_price":"9"},{"menu_name":"Asparagus &amp; prawns tempura, wasabi mayonnaise","menu_ingredients":"","menu_price":"25"},{"menu_name":"Sea bream tartare, coriander, yuzu passion","menu_ingredients":"","menu_price":"19"},{"menu_name":"Tuna carpaccio, clementine miso sauce ","menu_ingredients":"","menu_price":"21"},{"menu_name":"Salmon crispy rice, chipotle sauce","menu_ingredients":"","menu_price":"22"},{"menu_name":"Yellowtail, thin cut fries, onion sesame","menu_ingredients":"","menu_price":"20"},{"menu_name":"Miso caramelised aubergine","menu_ingredients":"","menu_price":"17"}]},{"menu_title":"Dumpling - Nem ","menu_plates":[{"menu_name":"Vegetable nems, wasabi sauce","menu_ingredients":"","menu_price":"15"},{"menu_name":"Chicken nems, gem lettuce &amp; mint","menu_ingredients":"","menu_price":"19"},{"menu_name":"Peking duck nems, hoisin sauce ","menu_ingredients":"","menu_price":"23"},{"menu_name":"Steamed vegetable ravioli, sesame","menu_ingredients":"","menu_price":"17"},{"menu_name":"The six prawns dumplings","menu_ingredients":"","menu_price":"18"},{"menu_name":"Beef gyozas, ginger","menu_ingredients":"","menu_price":"20"}]},{"menu_title":"RICE \u2013 PASTA","menu_plates":[{"menu_name":"Red curry sea bream, coconut milk, vegetables ","menu_ingredients":"","menu_price":"25"},{"menu_name":"Prawn pad thai","menu_ingredients":"","menu_price":"26"},{"menu_name":"Grilled chicken \"Jaune des Landes\" with satay spices","menu_ingredients":"","menu_price":"26"},{"menu_name":"Crying tiger skirt steak, marinated egg, fried rice","menu_ingredients":"","menu_price":"29"},{"menu_name":"Langoustine ravioli ","menu_ingredients":"","menu_price":"29"},{"menu_name":"Teriyaki chicken skewers","menu_ingredients":"","menu_price":"25"},{"menu_name":"Shrimp wonton, Thai broth","menu_ingredients":"","menu_price":"25"}]},{"menu_title":"Desserts","menu_plates":[{"menu_name":"Lychee &amp; coco chocolate iced mochis","menu_ingredients":"","menu_price":"12"},{"menu_name":"Chocolate biscuit, hazelnut praline","menu_ingredients":"","menu_price":"15"},{"menu_name":"Coconut ice cream puff, raspberry, chocolate","menu_ingredients":"","menu_price":"14"},{"menu_name":"Coconut sticky rice, fresh mango, sesame","menu_ingredients":"","menu_price":"14"},{"menu_name":"Mont-Blanc, black sesame ice cream ","menu_ingredients":"","menu_price":"15"}]},{"menu_title":"Cocktails (dinner only)","menu_plates":[{"menu_name":"Wasabi Margarita","menu_ingredients":"Altos tequila, yuzu liqueur, wasabi, lime","menu_price":"17"},{"menu_name":"So Cute","menu_ingredients":"Rose infused Wyborowa vodka, raspberry, lychee, yuzu, Champagne","menu_price":"16"},{"menu_name":"Baiser du Dragon","menu_ingredients":"Grey Goose vodka, shiso, lemongrass, aloe vera, vanilla, lemon","menu_price":"16"},{"menu_name":"Pampanito","menu_ingredients":"Del Maguey Vida mezcal, jalape\u00f1o, cucumber, limoncello, lime","menu_price":"16"},{"menu_name":"Old Dragon","menu_ingredients":"Pandan and sesame infused Havana Club Especial rum, sake, ginger","menu_price":"16"},{"menu_name":"Last Apple","menu_ingredients":"Bombay Sapphire gin, green apple, Thai basil, chartreuse, marasquin","menu_price":"18"},{"menu_name":"P\u00e9ch\u00e9 Mignon - Alcohol free","menu_ingredients":"Peach pur\u00e9e, fresh mint, Ginger Ale, lemon juice","menu_price":"12"},{"menu_name":"Classics","menu_ingredients":"Bellini, Dry Martini, Negroni, Pisco Sour, Moscow Mule, Old Fashioned, Expresso Martini","menu_price":"16"},{"menu_name":"","menu_ingredients":"Excessive intake of alcohol can damage your health, please drink responsibly. ","menu_price":""}]}]},"yoast_head":"<!-- This site is optimized with the Yoast SEO plugin v27.0 - https:\/\/yoast.com\/product\/yoast-seo-wordpress\/ -->\n<title>Menu - Dragon<\/title>\n<meta name=\"robots\" content=\"index, follow, max-snippet:-1, max-image-preview:large, max-video-preview:-1\" \/>\n<link rel=\"canonical\" href=\"https:\/\/restaurantdragon.com\/en\/menu\/\" \/>\n<meta property=\"og:locale\" content=\"en_US\" \/>\n<meta property=\"og:type\" content=\"article\" \/>\n<meta property=\"og:title\" content=\"Menu - Dragon\" \/>\n<meta property=\"og:url\" content=\"https:\/\/restaurantdragon.com\/en\/menu\/\" \/>\n<meta property=\"og:site_name\" content=\"Dragon\" \/>\n<meta property=\"article:modified_time\" content=\"2026-02-25T10:57:33+00:00\" \/>\n<meta name=\"twitter:card\" content=\"summary_large_image\" \/>\n<script type=\"application\/ld+json\" class=\"yoast-schema-graph\">{\"@context\":\"https:\/\/schema.org\",\"@graph\":[{\"@type\":\"WebPage\",\"@id\":\"https:\/\/restaurantdragon.com\/en\/menu\/\",\"url\":\"https:\/\/restaurantdragon.com\/en\/menu\/\",\"name\":\"Menu - Dragon\",\"isPartOf\":{\"@id\":\"https:\/\/restaurantdragon.com\/#website\"},\"datePublished\":\"2025-06-03T14:45:35+00:00\",\"dateModified\":\"2026-02-25T10:57:33+00:00\",\"breadcrumb\":{\"@id\":\"https:\/\/restaurantdragon.com\/en\/menu\/#breadcrumb\"},\"inLanguage\":\"en-US\",\"potentialAction\":[{\"@type\":\"ReadAction\",\"target\":[\"https:\/\/restaurantdragon.com\/en\/menu\/\"]}]},{\"@type\":\"BreadcrumbList\",\"@id\":\"https:\/\/restaurantdragon.com\/en\/menu\/#breadcrumb\",\"itemListElement\":[{\"@type\":\"ListItem\",\"position\":1,\"name\":\"Accueil\",\"item\":\"https:\/\/restaurantdragon.com\/en\/\"},{\"@type\":\"ListItem\",\"position\":2,\"name\":\"Menu\"}]},{\"@type\":\"WebSite\",\"@id\":\"https:\/\/restaurantdragon.com\/#website\",\"url\":\"https:\/\/restaurantdragon.com\/\",\"name\":\"Dragon\",\"description\":\"Le Chef Cyril Lignac a imagin\u00e9 Dragon, un \u00e9tablissement au c\u0153ur de la rue \u00e9ponyme o\u00f9 se magnifient chinoiseries en tous genres\",\"potentialAction\":[{\"@type\":\"SearchAction\",\"target\":{\"@type\":\"EntryPoint\",\"urlTemplate\":\"https:\/\/restaurantdragon.com\/?s={search_term_string}\"},\"query-input\":{\"@type\":\"PropertyValueSpecification\",\"valueRequired\":true,\"valueName\":\"search_term_string\"}}],\"inLanguage\":\"en-US\"}]}<\/script>\n<!-- \/ Yoast SEO plugin. -->","yoast_head_json":{"title":"Menu - Dragon","robots":{"index":"index","follow":"follow","max-snippet":"max-snippet:-1","max-image-preview":"max-image-preview:large","max-video-preview":"max-video-preview:-1"},"canonical":"https:\/\/restaurantdragon.com\/en\/menu\/","og_locale":"en_US","og_type":"article","og_title":"Menu - Dragon","og_url":"https:\/\/restaurantdragon.com\/en\/menu\/","og_site_name":"Dragon","article_modified_time":"2026-02-25T10:57:33+00:00","twitter_card":"summary_large_image","schema":{"@context":"https:\/\/schema.org","@graph":[{"@type":"WebPage","@id":"https:\/\/restaurantdragon.com\/en\/menu\/","url":"https:\/\/restaurantdragon.com\/en\/menu\/","name":"Menu - Dragon","isPartOf":{"@id":"https:\/\/restaurantdragon.com\/#website"},"datePublished":"2025-06-03T14:45:35+00:00","dateModified":"2026-02-25T10:57:33+00:00","breadcrumb":{"@id":"https:\/\/restaurantdragon.com\/en\/menu\/#breadcrumb"},"inLanguage":"en-US","potentialAction":[{"@type":"ReadAction","target":["https:\/\/restaurantdragon.com\/en\/menu\/"]}]},{"@type":"BreadcrumbList","@id":"https:\/\/restaurantdragon.com\/en\/menu\/#breadcrumb","itemListElement":[{"@type":"ListItem","position":1,"name":"Accueil","item":"https:\/\/restaurantdragon.com\/en\/"},{"@type":"ListItem","position":2,"name":"Menu"}]},{"@type":"WebSite","@id":"https:\/\/restaurantdragon.com\/#website","url":"https:\/\/restaurantdragon.com\/","name":"Dragon","description":"Le Chef Cyril Lignac a imagin\u00e9 Dragon, un \u00e9tablissement au c\u0153ur de la rue \u00e9ponyme o\u00f9 se magnifient chinoiseries en tous genres","potentialAction":[{"@type":"SearchAction","target":{"@type":"EntryPoint","urlTemplate":"https:\/\/restaurantdragon.com\/?s={search_term_string}"},"query-input":{"@type":"PropertyValueSpecification","valueRequired":true,"valueName":"search_term_string"}}],"inLanguage":"en-US"}]}},"_links":{"self":[{"href":"https:\/\/restaurantdragon.com\/en\/wp-json\/wp\/v2\/pages\/1009","targetHints":{"allow":["GET"]}}],"collection":[{"href":"https:\/\/restaurantdragon.com\/en\/wp-json\/wp\/v2\/pages"}],"about":[{"href":"https:\/\/restaurantdragon.com\/en\/wp-json\/wp\/v2\/types\/page"}],"author":[{"embeddable":true,"href":"https:\/\/restaurantdragon.com\/en\/wp-json\/wp\/v2\/users\/1"}],"replies":[{"embeddable":true,"href":"https:\/\/restaurantdragon.com\/en\/wp-json\/wp\/v2\/comments?post=1009"}],"version-history":[{"count":27,"href":"https:\/\/restaurantdragon.com\/en\/wp-json\/wp\/v2\/pages\/1009\/revisions"}],"predecessor-version":[{"id":1130,"href":"https:\/\/restaurantdragon.com\/en\/wp-json\/wp\/v2\/pages\/1009\/revisions\/1130"}],"wp:attachment":[{"href":"https:\/\/restaurantdragon.com\/en\/wp-json\/wp\/v2\/media?parent=1009"}],"curies":[{"name":"wp","href":"https:\/\/api.w.org\/{rel}","templated":true}]}}